{"id":96,"date":"2016-10-05T11:10:00","date_gmt":"2016-10-05T11:10:00","guid":{"rendered":"http:\/\/www.maksmi.ee\/introduction\/"},"modified":"2017-12-29T09:10:33","modified_gmt":"2017-12-29T07:10:33","slug":"introduction","status":"publish","type":"page","link":"https:\/\/maksmi.ee\/lv\/","title":{"rendered":"S\u0101kums"},"content":{"rendered":"<h1>M\u016bsu specializ\u0101cija ir vilcienu slie\u017eu ce\u013cu virsb\u016bves materi\u0101lu tirdzniec\u012bba<\/h1>\n<p>Saviem klientiem m\u0113s pied\u0101v\u0101jam optim\u0101lus un novatoriskus risin\u0101jumus attiec\u012bb\u0101 uz vilcienu slie\u017eu ce\u013cu virsb\u016bves materi\u0101liem.<br \/>\nProfesion\u0101la komanda un ilggad\u0113ja pieredze ir \u013c\u0101vusi mums k\u013c\u016bt par \u013coti kompetentiem speci\u0101listiem sav\u0101 jom\u0101.<\/p>\n","protected":false},"excerpt":{"rendered":"<p>M\u016bsu specializ\u0101cija ir vilcienu slie\u017eu ce\u013cu virsb\u016bves materi\u0101lu tirdzniec\u012bba Saviem klientiem m\u0113s pied\u0101v\u0101jam optim\u0101lus un novatoriskus risin\u0101jumus attiec\u012bb\u0101 uz vilcienu slie\u017eu ce\u013cu virsb\u016bves materi\u0101liem. Profesion\u0101la komanda un ilggad\u0113ja pieredze ir \u013c\u0101vusi mums k\u013c\u016bt par \u013coti kompetentiem speci\u0101listiem sav\u0101 jom\u0101.<\/p>\n","protected":false},"author":5,"featured_media":0,"parent":0,"menu_order":0,"comment_status":"closed","ping_status":"closed","template":"","meta":[],"acf":[],"_links":{"self":[{"href":"https:\/\/maksmi.ee\/lv\/wp-json\/wp\/v2\/pages\/96"}],"collection":[{"href":"https:\/\/maksmi.ee\/lv\/wp-json\/wp\/v2\/pages"}],"about":[{"href":"https:\/\/maksmi.ee\/lv\/wp-json\/wp\/v2\/types\/page"}],"author":[{"embeddable":true,"href":"https:\/\/maksmi.ee\/lv\/wp-json\/wp\/v2\/users\/5"}],"replies":[{"embeddable":true,"href":"https:\/\/maksmi.ee\/lv\/wp-json\/wp\/v2\/comments?post=96"}],"version-history":[{"count":5,"href":"https:\/\/maksmi.ee\/lv\/wp-json\/wp\/v2\/pages\/96\/revisions"}],"predecessor-version":[{"id":997,"href":"https:\/\/maksmi.ee\/lv\/wp-json\/wp\/v2\/pages\/96\/revisions\/997"}],"wp:attachment":[{"href":"https:\/\/maksmi.ee\/lv\/wp-json\/wp\/v2\/media?parent=96"}],"curies":[{"name":"wp","href":"https:\/\/api.w.org\/{rel}","templated":true}]}}