{"id":104,"date":"2016-10-05T11:12:14","date_gmt":"2016-10-05T11:12:14","guid":{"rendered":"http:\/\/www.maksmi.ee\/our-company\/"},"modified":"2024-10-08T18:26:47","modified_gmt":"2024-10-08T16:26:47","slug":"our-company","status":"publish","type":"page","link":"https:\/\/maksmi.ee\/lv\/our-company\/","title":{"rendered":"Par mums"},"content":{"rendered":"<p>O\u00dc Maksmi dibin\u0101ta 1997. gad\u0101 un specializ\u0113jas dzelzce\u013cu, tramvaju un celt\u0146u ce\u013cu materi\u0101lu p\u0101rdo\u0161an\u0101. M\u016bsu misija ir pied\u0101v\u0101t klientiem optim\u0101lus, inovat\u012bvus un efekt\u012bvus risin\u0101jumus.<\/p>\n<p>M\u0113s risin\u0101m m\u016bsu klientiem (infrastrukt\u016bras uz\u0146\u0113mumi, dzelzce\u013ca b\u016bvnieki un projekt\u0113t\u0101ji) visi jaut\u0101jumi, kas saist\u012bti ar nepiecie\u0161amo materi\u0101lo pieg\u0101des\u2014 s\u0101kot no skr\u016bv\u0113m l\u012bdz p\u0101rmij\u0101m un no nagl\u0101m l\u012bdz slied\u0113m. M\u0113s konsult\u0113jam savus klientus, pal\u012bdzot vi\u0146iem atrast optim\u0101lus risin\u0101jumus, balstoties uz ekspluat\u0101cijas apst\u0101k\u013ciem.<\/p>\n<p>M\u016bsu profesion\u0101l\u0101 komanda un daudzu gadu pieredze padar\u012bjusi m\u016bs par kompetent\u0101kajiem ekspertiem sav\u0101 jom\u0101, kad runa ir par materi\u0101liem, kas atbilst GOST un DSTU standartiem 1520 mm slie\u017eu platumam, k\u0101 ar\u012b materi\u0101liem, kas atbilst Eiropas Savien\u012bbas TSI un EN pras\u012bb\u0101m.<\/p>\n<p>M\u0113s str\u0101d\u0101jam \u0161\u0101d\u0101s virzienos: \u2022 Materi\u0101li (sliedes, gul\u0161\u0146i, p\u0101rmijas, stiprin\u0101jumu sist\u0113mas u.c.) \u2022 Tehnolo\u0123ijas (sv\u0113r\u0161anas sist\u0113mas, vibr\u0101cijas un trok\u0161\u0146a izol\u0101cija, tramvaju automatiz\u0101cija, tramvaju rezerves da\u013cas)<\/p>\n<p>2023. gada maijs Weighwell svaru uzst\u0101d\u012b\u0161ana ENEFIT POWER AS Igaunijas raktuv\u0113s (Igaunija), kas paredz\u0113ti dego\u0161\u0101 sl\u0101nek\u013ca sv\u0113r\u0161anai, to iekraujot dzelzce\u013ca vagonos.<\/p>\n<p>2024. gada apr\u012blis Weighwell p\u0101rn\u0113s\u0101jamo dzelzce\u013ca svaru pieg\u0101de LTG Cargo (Lietuva). \u0160ie vieglie, vienkar\u0161i konfigur\u0113jamie svari var tikt p\u0101rvietoti uz da\u017e\u0101diem klienta termin\u0101liem, nodro\u0161inot efekt\u012bvu rito\u0161\u0101 sast\u0101va sv\u0113r\u0161anu. Tagad Weighwell ra\u017eotie svari ir uzst\u0101d\u012bti vis\u0101s tr\u012bs Baltijas valst\u012bs.<\/p>\n<p>2023 gada septembris M\u016bsu uz\u0146\u0113mumam bija gods apmekl\u0113t Trako 2023 izst\u0101di, vienu no liel\u0101kajiem un presti\u017e\u0101kajiem dzelzce\u013ca nozares pas\u0101kumiem, kas notika Gda\u0146sk\u0101, Polij\u0101. Vair\u0101kas dienas m\u016bsu komanda akt\u012bvi piedal\u012bj\u0101s diskusij\u0101s ar nozares ekspertiem, kol\u0113\u0123iem un partneriem. M\u0113s iepazin\u0101mies ar inovat\u012bviem ekspon\u0101tiem, piedal\u012bj\u0101mies prezent\u0101cij\u0101s, kur\u0101s tika demonstr\u0113ti jaun\u0101kie sasniegumi dzelzce\u013ca tehnolo\u0123iju jom\u0101, k\u0101 ar\u012b apmekl\u0113j\u0101m svarigus konferences. Jaunie kontakti un zin\u0101\u0161anas, kas ieg\u016btas \u0161aj\u0101 izst\u0101d\u0113, neap\u0161aub\u0101mi veicin\u0101s m\u016bsu uz\u0146\u0113muma turpm\u0101ku izaugsmi un pan\u0101kumus.<\/p>\n<p>\u00a0<\/p>\n\n<div class=\"wp-block-image\">\n<figure class=\"aligncenter\"><a href=\"https:\/\/maksmi.ee\/wp-content\/uploads\/2022\/07\/Creditinfo_meilijalus_2022_1AA_ENG.png\" target=\"_blank\" rel=\"noreferrer noopener\"><img decoding=\"async\" loading=\"lazy\" width=\"650\" height=\"150\" src=\"https:\/\/maksmi.ee\/wp-content\/uploads\/2022\/07\/Creditinfo_meilijalus_2022_1AA_ENG.png\" alt=\"\" class=\"wp-image-1641\" srcset=\"https:\/\/maksmi.ee\/wp-content\/uploads\/2022\/07\/Creditinfo_meilijalus_2022_1AA_ENG.png 650w, https:\/\/maksmi.ee\/wp-content\/uploads\/2022\/07\/Creditinfo_meilijalus_2022_1AA_ENG-300x69.png 300w\" sizes=\"(max-width: 650px) 100vw, 650px\" \/><\/a><figcaption class=\"wp-element-caption\">Lai ieg\u016btu papildinform\u0101ciju par finan\u0161u p\u0101rskatu, <a href=\"https:\/\/maksmi.ee\/wp-content\/uploads\/2022\/07\/Krediidireiting_ENG.pdf\">noklik\u0161\u0137iniet \u0161eit<\/a><\/figcaption><\/figure><\/div>","protected":false},"excerpt":{"rendered":"<p>O\u00dc Maksmi dibin\u0101ta 1997. gad\u0101 un specializ\u0113jas dzelzce\u013cu, tramvaju un celt\u0146u ce\u013cu materi\u0101lu p\u0101rdo\u0161an\u0101. M\u016bsu misija ir pied\u0101v\u0101t klientiem optim\u0101lus, inovat\u012bvus un efekt\u012bvus risin\u0101jumus. M\u0113s risin\u0101m m\u016bsu klientiem (infrastrukt\u016bras uz\u0146\u0113mumi, dzelzce\u013ca b\u016bvnieki un projekt\u0113t\u0101ji) visi jaut\u0101jumi, kas saist\u012bti ar nepiecie\u0161amo materi\u0101lo pieg\u0101des\u2014 s\u0101kot no skr\u016bv\u0113m l\u012bdz p\u0101rmij\u0101m un no nagl\u0101m l\u012bdz slied\u0113m. M\u0113s konsult\u0113jam savus [&hellip;]<\/p>\n","protected":false},"author":5,"featured_media":1778,"parent":0,"menu_order":0,"comment_status":"closed","ping_status":"closed","template":"","meta":[],"acf":[],"_links":{"self":[{"href":"https:\/\/maksmi.ee\/lv\/wp-json\/wp\/v2\/pages\/104"}],"collection":[{"href":"https:\/\/maksmi.ee\/lv\/wp-json\/wp\/v2\/pages"}],"about":[{"href":"https:\/\/maksmi.ee\/lv\/wp-json\/wp\/v2\/types\/page"}],"author":[{"embeddable":true,"href":"https:\/\/maksmi.ee\/lv\/wp-json\/wp\/v2\/users\/5"}],"replies":[{"embeddable":true,"href":"https:\/\/maksmi.ee\/lv\/wp-json\/wp\/v2\/comments?post=104"}],"version-history":[{"count":5,"href":"https:\/\/maksmi.ee\/lv\/wp-json\/wp\/v2\/pages\/104\/revisions"}],"predecessor-version":[{"id":2884,"href":"https:\/\/maksmi.ee\/lv\/wp-json\/wp\/v2\/pages\/104\/revisions\/2884"}],"wp:featuredmedia":[{"embeddable":true,"href":"https:\/\/maksmi.ee\/lv\/wp-json\/wp\/v2\/media\/1778"}],"wp:attachment":[{"href":"https:\/\/maksmi.ee\/lv\/wp-json\/wp\/v2\/media?parent=104"}],"curies":[{"name":"wp","href":"https:\/\/api.w.org\/{rel}","templated":true}]}}