{"id":100,"date":"2016-10-05T11:12:02","date_gmt":"2016-10-05T11:12:02","guid":{"rendered":"http:\/\/www.maksmi.ee\/our-partners\/"},"modified":"2024-10-08T15:44:31","modified_gmt":"2024-10-08T13:44:31","slug":"our-partners","status":"publish","type":"page","link":"https:\/\/maksmi.ee\/lv\/our-partners\/","title":{"rendered":"M\u016bsu partneri"},"content":{"rendered":"<ul class=\"company-partners-list clearfix\">\n<li>\n<div class=\"company-partner-image\"><img decoding=\"async\" class=\"wp-image-188 alignleft\" src=\"https:\/\/maksmi.ee\/wp-content\/uploads\/2022\/06\/logo.png\" alt=\"elektroline-logo\" \/><\/div>\n<p>Elektroline Ltd ir moderns ra\u017eo\u0161anas uz\u0146\u0113mums no \u010cehijas. Tas specializ\u0113jas deta\u013cu un komponentu ra\u017eo\u0161an\u0101 dzelzce\u013ca, tramvaju un trolejbusu l\u012bniju kontaktt\u012bkla ier\u012bko\u0161anai. Uz\u0146\u0113muma produkti ir labs piem\u0113rs izcilai kvalit\u0101tei par sapr\u0101t\u012bgu cenu. Elektroline r\u016bpn\u012bcas dev\u012bze ir \u201cTu vari sap\u0146ot \u2013 m\u0113s realiz\u0113jam\u201d (You can dream, we will realize). Las\u012bt vair\u0101k: <a href=\"https:\/www.elektroline.cz  target=\" rel=\"noopener noreferrer\">www.elektroline.cz<\/a><\/li>\n<li>\n<div class=\"company-partner-image\"><img decoding=\"async\" class=\"wp-image-188 alignleft\" src=\"https:\/\/maksmi.ee\/wp-content\/uploads\/2023\/01\/sealable.png\" alt=\"sealable-logo\" \/><\/div>\n<p>SEALABLE Solutions GmbH ir uz\u0146\u0113mums no V\u0101cijas, kas ir viens no pasaules l\u012bderiem tramvaju un dzelzce\u013ca slie\u017eu ce\u013cu vibr\u0101cijas un trok\u0161\u0146a izol\u0101cijas ra\u017eo\u0161an\u0101. Uz\u0146\u0113mums past\u0101v\u012bgi izstr\u0101d\u0101 jaunus produktus un risin\u0101jumus sav\u0101 jom\u0101, ko apliecina 25 patentu kl\u0101tb\u016btne. Liela uzman\u012bba tiek piev\u0113rsta ar\u012b ra\u017eo\u0161anas ekolo\u0123iskajai pusei, aptuveni 50% izmantoto izejvielu ir no p\u0101rstr\u0101d\u0101tiem un p\u0101rstr\u0101d\u0101tiem materi\u0101liem. Las\u012bt vair\u0101k: <a href=\"https:\/\/seal-able.com\/we-are-sealable_en  target=\" rel=\"noopener noreferrer\">www.seal-able.com<\/a><\/li>\n<li>\n<div class=\"company-partner-image\"><img decoding=\"async\" class=\"wp-image-188 alignleft\" src=\"https:\/\/maksmi.ee\/wp-content\/uploads\/2024\/03\/MicrosoftTeams-image-4.png\" alt=\"frimatrail-logo\" \/><\/div>\n<p>Dellner Frimatrail Frenoplast S.A. ir uz\u0146\u0113mums, kas specializ\u0113jas dzelzce\u013ca nozares berzes materi\u0101lu projekt\u0113\u0161an\u0101, izstr\u0101d\u0113 un ra\u017eo\u0161an\u0101. Uz\u0146\u0113mums ietilpst DELLNER BUBENZER grup\u0101, kas ir pasaules l\u012bderis brem\u017eu un hidraulisko sist\u0113mu jom\u0101, ar starptautisku darb\u012bbu un izcil\u012bbas reput\u0101ciju. Dellner Frimatrail Frenoplast S.A. ir Polijas ra\u017eot\u0101js, kas ra\u017eo kompoz\u012btmateri\u0101lus dzelzce\u013ca vagoniem un tramvajiem, un ir augstu nov\u0113rt\u0113ts starptautisko pirc\u0113ju vid\u016b. Las\u012bt vair\u0101k: <a href=\"https:\/frimatrail-frenoplast.pl  target=\" rel=\"noopener noreferrer\">www.frimatrail-frenoplast.pl<\/a><\/li>\n<li>\n<div class=\"company-partner-image\"><img decoding=\"async\" class=\"wp-image-188 alignleft\" src=\" https:\/\/maksmi.ee\/wp-content\/uploads\/2017\/10\/Logo_Schwihag.jpg \" alt=\"schwihag-logo\" \/><\/div>\n<p>\u201cSchwihag\u201d \u2013 r\u016bpn\u012bca no \u0160veices, kas jau vair\u0101k nek\u0101 40 gadus ra\u017eo inov\u0101cijas produkciju \u2013 slie\u017eu sastiprin\u0101jumus un p\u0101rmijas fiksatorus augst\u0101trgaitas dzelzce\u013ca l\u012bnij\u0101m, k\u0101 ar\u012b metropolit\u0113na l\u012bnij\u0101m. \u0160\u012b ra\u017eot\u0101ja izstr\u0101d\u0101jumi ir vienk\u0101r\u0161i mont\u0101\u017e\u0101 un neprasa bie\u017eu un darbietilp\u012bgu tehnisko apkopi. Las\u012bt vair\u0101k: <a href=\"http:\/\/www.schwihag.com  target=\" rel=\"noopener noreferrer\">www.schwihag.com<\/a><\/li>\n<li>\n<div class=\"company-partner-image\"><img decoding=\"async\" class=\"wp-image-188 alignleft\" src=\"https:\/\/maksmi.ee\/wp-content\/uploads\/2022\/06\/logo1.jpg\" alt=\"rfi-logo\" \/><\/div>\n<p>\u201cSaarstahl Rail\u201d \u2013 r\u016bpn\u012bca no Francijas ir uzticams augst\u0101k\u0101s kvalit\u0101tes dzelzce\u013ca un tramvaju slie\u017eu pieg\u0101d\u0101t\u0101js, kas gad\u0101 sara\u017eo aptuveni 400 000 tonnu produkcijas. Uz\u0146\u0113mums izce\u013cas ar priek\u0161z\u012bm\u012bgu ra\u017eo\u0161anas organiz\u0101ciju un efekt\u012bvu pieeju komunik\u0101cijai ar klientiem. Las\u012bt vair\u0101k: <a href=\"https:\/\/saarstahl-rail.business.site\/\" target=\"_blank\" rel=\"noopener noreferrer\">saarstahl-rail.business.site<\/a><\/li>\n<li>\n<div class=\"company-partner-image\"><img decoding=\"async\" class=\"wp-image-188 alignleft\" src=\"https:\/\/maksmi.ee\/wp-content\/uploads\/2016\/12\/weighwell.jpg\" alt=\"weighwell-logo\" \/><\/div>\n<p>Weighwell\u201d ir Lielbrit\u0101nijas dzelzce\u013ca rito\u0161\u0101 sast\u0101va mobilo un stacion\u0101ro sv\u0113r\u0161anas sist\u0113mu ra\u017eot\u0101js. Komp\u0101nija v\u0113rt\u0113jas vis\u0101 pasaul\u0113 pateicoties sav\u0101m inov\u0101cij\u0101m, k\u0101 ar\u012b izcil\u0101m in\u017eenieriema\u0146\u0101m un sp\u0113j\u0101m atrast optim\u0101lus risin\u0101jumus klientiem nestandarta situ\u0101cij\u0101s. Las\u012bt vair\u0101k: <a href=\"http:\/\/www.weighwell.com\" target=\"_blank\" rel=\"noopener noreferrer\">www.weighwell.com<\/a><\/li>\n<li>\n<div class=\"company-partner-image\"><img decoding=\"async\" class=\"wp-image-188 alignleft\" src=\"https:\/\/maksmi.ee\/wp-content\/uploads\/2016\/12\/tenconi.png\" alt=\"tenconi-logo\" \/><\/div>\n<p>\u201cTenconi\u201d ir \u0160veices dzelzce\u013ca materi\u0101lu ra\u017eot\u0101js, tai skait\u0101 speci\u0101las izol\u0113jo\u0161as salaidnes (uzlikas) dzelzce\u013ca slie\u017eu signaliz\u0101cijas sist\u0113m\u0101m. Pateicoties lieliskai \u201ccenu un kvalit\u0101tes\u201d kombin\u0101cijai, \u0161\u012b produkcija tiek izmantota daudz\u0101s pasaules valst\u012bs, tostarp Igaunijas dzelzce\u013cos kop\u0161 2002. gada. Las\u012bt vair\u0101k: <a href=\"http:\/\/www.tenconi.ch\" target=\"_blank\" rel=\"noopener noreferrer\">www.tenconi.ch<\/a><\/li>\n<li>\n<div class=\"company-partner-image\"><img decoding=\"async\" class=\"wp-image-188 alignleft\" src=\"https:\/\/maksmi.ee\/wp-content\/uploads\/2016\/12\/bharat.jpg\" alt=\"bharat-logo\" \/><\/div>\n<p>\u201cBharat Forge CDP\u201d ir v\u0101cu uz\u0146\u0113mums, kas ra\u017eo augstas kvalit\u0101tes komponentus, kas paredz\u0113ti nobrauktuv\u0113m, tostarp bezapkopes velt\u0146u ier\u012bces p\u0101rmiju p\u0101rvedumu darb\u012bbas uzlabo\u0161anai, k\u0101 ar\u012b p\u0101rmijas nosl\u0113dz\u0113jus. Latvijas un Igaunijas dzelzce\u013ca uz\u0146\u0113mumi pla\u0161i izmanto \u0161\u012bs r\u016bpn\u012bcas produkciju. Las\u012bt vair\u0101k: <a href=\"http:\/\/www.cdp-railsystems.com\/index.html\" target=\"_blank\" rel=\"noopener noreferrer\">www.cdp-railsystems.com<\/a><\/li>\n<li>\n<div class=\"company-partner-image\"><img decoding=\"async\" class=\"wp-image-188 alignleft\" src=\"https:\/\/maksmi.ee\/wp-content\/uploads\/2018\/02\/PrazskaStrojirna.png\" alt=\"pra-logo\" \/><\/div>\n<p>\u010cehu \u201cPra\u017eska Strojirna\u201d firmas dev\u012bze ir: \u201cviss modernai tramvaju dzelzce\u013ciem\u201d. R\u016bpn\u012bc\u0101 tiek ra\u017eots pilns tramvaja p\u0101rmiju kl\u0101sts, k\u0101 ar\u012b \u012bpa\u0161i izstr\u0101d\u0101jumi tramvaja slie\u017eu ce\u013cu b\u016bvniec\u012bbai uz tiltiem un p\u0101rvadiem. Uz\u0146\u0113muma produkti tiek izmantoti daudz\u0101s pasaules pils\u0113t\u0101s no Austr\u0101lijas l\u012bdz ASV, tostarp Igaunij\u0101 un Latvij\u0101. Las\u012bt vair\u0101k: <a href=\"http:\/\/pstroj.cz\/\" target=\"_blank\" rel=\"noopener noreferrer\">www.pstroj.cz<\/a><\/li>\n<li>\n<div class=\"company-partner-image\"><img decoding=\"async\" class=\"wp-image-188 alignleft\" src=\"https:\/\/maksmi.ee\/wp-content\/uploads\/2016\/10\/GOST-300x178.png\" alt=\"ukr-logo\" \/><\/div>\n<p>\u201cD\u0146epropetrovskas p\u0101rmiju r\u016bpn\u012bca\u201d \u2013 uz\u0146\u0113mums, kas jau vair\u0101k nek\u0101 100 gadus ra\u017eo p\u0101rmijas p\u0101rvedumus un ce\u013ca virsb\u016bves deta\u013cas dzelzce\u013cam. R\u016bpn\u012bc\u0101 ir ieviests pilns produkcijas ra\u017eo\u0161anas cikls, s\u0101kot no sava projekt\u0113\u0161anas biroja, specializ\u0113ta mode\u013cu laukuma un lietuv\u0113m, beidzot ar papildu produktu piln\u012bgu komplekt\u0113\u0161anu jebkur\u0101m klienta tehniskaj\u0101m pras\u012bb\u0101m. D\u0146epropetrovskas p\u0101rmiju r\u016bpn\u012bca ir moderna darbn\u012bca ar augstas precizit\u0101tes meh\u0101nisk\u0101m iek\u0101rt\u0101m, augstas kvalit\u0101tes lie\u0161anu un maksim\u0101lu uzman\u012bbu katram pas\u016bt\u012bjumam. Las\u012bt vair\u0101k: <a href=\"http:\/\/www.dsz.dp.ua\" target=\"_blank\" rel=\"noopener noreferrer\">www.dsz.dp.ua<\/a><\/li>\n<li>\n<div class=\"company-partner-image\"><img decoding=\"async\" class=\"wp-image-188 alignleft\" src=\"https:\/\/maksmi.ee\/wp-content\/uploads\/2022\/07\/Connector_logo_R.jpg\" alt=\"pezconnector-logo\" \/><\/div>\n<p>\u201cPEZ Connectors\u201d ir Polijas r\u016bpn\u012bca, kas specializ\u0113jas dzelzce\u013ca stiprin\u0101jumu ra\u017eo\u0161an\u0101. Augstas kvalit\u0101tes produkti ir labi zin\u0101mi gan Polij\u0101, gan cit\u0101s Eiropas valst\u012bs, tostarp Baltijas valst\u012bs. Las\u012bt vair\u0101k: <a href=\"http:\/\/www.pezconnector.pl\/\" target=\"_blank\" rel=\"noopener noreferrer\">www.pezconnector.pl<\/a><\/li>\n<li>\n<div class=\"company-partner-image\"><img decoding=\"async\" class=\"wp-image-188 alignleft\" src=\"https:\/\/maksmi.ee\/wp-content\/uploads\/2024\/03\/image.jpg\" alt=\"pezconnector-logo\" \/><\/div>\n<p>Paul M\u00fcller ir v\u0101cu uz\u0146\u0113mums, kas kop\u0161 1911. gada specializ\u0113jas savieno\u0161anas tehnik\u0101. Melsungen\u0113 b\u0101z\u0113tais uz\u0146\u0113mums ra\u017eo plastmasas un koka izstr\u0101d\u0101jumus dzelzce\u013ca pamatn\u0113m, savieno\u0161anas lameles un medic\u012bnas tehniku. Vi\u0146i ir \u012bpa\u0161i paz\u012bstami ar efekt\u012bvu un rentablu dzelzce\u013ca pamatu savieno\u0161anas sist\u0113mu izstr\u0101di. Paul M\u00fcller Technische Produkte GmbH ir B. Braun Melsungen AG meitas uz\u0146\u0113mums. Las\u012bt vair\u0101k: <a href=\"https:\/\/www.paul-mueller.com\/\" target=\"_blank\" rel=\"noopener noreferrer\">https:\/\/www.paul-mueller.com<\/a><\/li>\n<li>\n<div class=\"company-partner-image\"><img decoding=\"async\" class=\"wp-image-188 alignleft\" src=\"https:\/\/maksmi.ee\/wp-content\/uploads\/2024\/03\/logo-Gorniczej-Fabryki-Narzedzi-1.webp\" alt=\"pezconnector-logo\" \/><\/div>\n<p>\u201cGornicza Fabryka Narzedzi\u201d ir Polijas r\u016bpn\u012bca, kas specializ\u0113jas nestandarta stiprin\u0101jumu ra\u017eo\u0161an\u0101 (tai skait\u0101 p\u0113c klienta ras\u0113jumiem) dzelzce\u013ca un tramvaja slied\u0113m. Las\u012bt vair\u0101k: <a href=\"https:\/\/www.gfn.com.pl\/\" target=\"_blank\" rel=\"noopener noreferrer\">https:\/\/www.gfn.com.pl\/<\/a><\/li>\n<li>\n<div class=\"company-partner-image\"><img decoding=\"async\" class=\"wp-image-188 alignleft\" src=\"https:\/\/maksmi.ee\/wp-content\/uploads\/2024\/03\/Allalaaditud-fail.png\" alt=\"pezconnector-logo\" \/><\/div>\n<p>Nencki AG ir \u0123imenes uz\u0146\u0113mums ar vair\u0101k nek\u0101 75 gadu pieredzi sare\u017e\u0123\u012btu ma\u0161\u012bnu projekt\u0113\u0161an\u0101 un ra\u017eo\u0161an\u0101 p\u0113c \u012bpa\u0161\u0101m klientu pras\u012bb\u0101m. 2006. gad\u0101 dibin\u0101t\u0101 Nencki Railway Technology noda\u013ca tagad darbojas vis\u0101 pasaul\u0113, un ekspluat\u0101cij\u0101 ir vair\u0101k nek\u0101 300 ma\u0161\u012bnu. Nencki produkti pal\u012bdz regul\u0113t un uztur\u0113t rati\u0146us, k\u0101 ar\u012b uzlabo metin\u0101to slie\u017eu ce\u013cu kvalit\u0101ti. Las\u012bt vair\u0101k: <a href=\"https:\/\/www.nencki-railway.ch\/\" target=\"_blank\" rel=\"noopener noreferrer\">https:\/\/www.nencki-railway.ch\/<\/a><\/li>\n<li>\n<div class=\"company-partner-image\"><img decoding=\"async\" loading=\"lazy\" class=\"aligncenter wp-image-2786 size-full\" src=\"https:\/\/maksmi.ee\/wp-content\/uploads\/2024\/09\/Transavt-colored.png\" alt=\"\" width=\"100\" height=\"85\" \/><\/div>\n<p>SIA &#8220;NPO Transavtomatika&#8221; darbojas Ukrainas dzelzce\u013ca tirg\u016b kop\u0161 1993. gada. Uz\u0146\u0113mums specializ\u0113jas dzelzce\u013ca signaliz\u0101cijas un sakaru sist\u0113mu projekt\u0113\u0161an\u0101, celtniec\u012bbas, uzst\u0101d\u012b\u0161anas un nodo\u0161anas darbos, k\u0101 ar\u012b apr\u012bkojuma pieg\u0101d\u0113. Galven\u0101s jomas ietver mikroprocesoru sist\u0113mas un autom\u0101tisk\u0101s p\u0101rbrauktuves signaliz\u0101cijas.<\/li>\n<li>\n<div class=\"company-partner-image\"><img decoding=\"async\" loading=\"lazy\" class=\"aligncenter wp-image-2791 size-full\" src=\"https:\/\/maksmi.ee\/wp-content\/uploads\/2024\/09\/BGFrubber_logo-colored.png\" alt=\"\" width=\"422\" height=\"126\" srcset=\"https:\/\/maksmi.ee\/wp-content\/uploads\/2024\/09\/BGFrubber_logo-colored.png 422w, https:\/\/maksmi.ee\/wp-content\/uploads\/2024\/09\/BGFrubber_logo-colored-300x90.png 300w\" sizes=\"(max-width: 422px) 100vw, 422px\" \/><\/div>\n<p>BGF Rubber specializ\u0113jas gumijas slie\u017eu starplikas ra\u017eo\u0161an\u0101 da\u017e\u0101d\u0101m stiprin\u0101jumu sist\u0113m\u0101m. Starplikas sl\u0101p\u0113 vibr\u0101cijas un triecienus, aizsarg\u0101jot sliedes un vilcienus. Uz\u0146\u0113mums ra\u017eo vair\u0101k nek\u0101 15 miljonus starpliku un ir patent\u0113jis Zw900 un Zw1000 starpliku dizainu.<\/li>\n<\/ul>\n","protected":false},"excerpt":{"rendered":"<p>Elektroline Ltd ir moderns ra\u017eo\u0161anas uz\u0146\u0113mums no \u010cehijas. Tas specializ\u0113jas deta\u013cu un komponentu ra\u017eo\u0161an\u0101 dzelzce\u013ca, tramvaju un trolejbusu l\u012bniju kontaktt\u012bkla ier\u012bko\u0161anai. Uz\u0146\u0113muma produkti ir labs piem\u0113rs izcilai kvalit\u0101tei par sapr\u0101t\u012bgu cenu. Elektroline r\u016bpn\u012bcas dev\u012bze ir \u201cTu vari sap\u0146ot \u2013 m\u0113s realiz\u0113jam\u201d (You can dream, we will realize). Las\u012bt vair\u0101k: www.elektroline.cz SEALABLE Solutions GmbH ir uz\u0146\u0113mums [&hellip;]<\/p>\n","protected":false},"author":5,"featured_media":0,"parent":0,"menu_order":0,"comment_status":"closed","ping_status":"closed","template":"","meta":[],"acf":[],"_links":{"self":[{"href":"https:\/\/maksmi.ee\/lv\/wp-json\/wp\/v2\/pages\/100"}],"collection":[{"href":"https:\/\/maksmi.ee\/lv\/wp-json\/wp\/v2\/pages"}],"about":[{"href":"https:\/\/maksmi.ee\/lv\/wp-json\/wp\/v2\/types\/page"}],"author":[{"embeddable":true,"href":"https:\/\/maksmi.ee\/lv\/wp-json\/wp\/v2\/users\/5"}],"replies":[{"embeddable":true,"href":"https:\/\/maksmi.ee\/lv\/wp-json\/wp\/v2\/comments?post=100"}],"version-history":[{"count":31,"href":"https:\/\/maksmi.ee\/lv\/wp-json\/wp\/v2\/pages\/100\/revisions"}],"predecessor-version":[{"id":2879,"href":"https:\/\/maksmi.ee\/lv\/wp-json\/wp\/v2\/pages\/100\/revisions\/2879"}],"wp:attachment":[{"href":"https:\/\/maksmi.ee\/lv\/wp-json\/wp\/v2\/media?parent=100"}],"curies":[{"name":"wp","href":"https:\/\/api.w.org\/{rel}","templated":true}]}}