{"id":97,"date":"2016-10-05T11:10:00","date_gmt":"2016-10-05T11:10:00","guid":{"rendered":"http:\/\/www.maksmi.ee\/introduction\/"},"modified":"2017-12-29T09:09:41","modified_gmt":"2017-12-29T07:09:41","slug":"introduction","status":"publish","type":"page","link":"https:\/\/maksmi.ee\/lt\/","title":{"rendered":"Introduction"},"content":{"rendered":"<h1>M\u016bs\u0173 specializacija yra prekyba vir\u0161utinio gele\u017einkelio kelio statinio med\u017eiagomis<\/h1>\n<p>M\u016bs\u0173 klientams, mes si\u016blome optimalius ir inovatyvius sprendimus, d\u0117l vir\u0161utinio kelio statinio med\u017eiag\u0173.<\/p>\n","protected":false},"excerpt":{"rendered":"<p>M\u016bs\u0173 specializacija yra prekyba vir\u0161utinio gele\u017einkelio kelio statinio med\u017eiagomis M\u016bs\u0173 klientams, mes si\u016blome optimalius ir inovatyvius sprendimus, d\u0117l vir\u0161utinio kelio statinio med\u017eiag\u0173.<\/p>\n","protected":false},"author":5,"featured_media":0,"parent":0,"menu_order":0,"comment_status":"closed","ping_status":"closed","template":"","meta":[],"acf":[],"_links":{"self":[{"href":"https:\/\/maksmi.ee\/lt\/wp-json\/wp\/v2\/pages\/97"}],"collection":[{"href":"https:\/\/maksmi.ee\/lt\/wp-json\/wp\/v2\/pages"}],"about":[{"href":"https:\/\/maksmi.ee\/lt\/wp-json\/wp\/v2\/types\/page"}],"author":[{"embeddable":true,"href":"https:\/\/maksmi.ee\/lt\/wp-json\/wp\/v2\/users\/5"}],"replies":[{"embeddable":true,"href":"https:\/\/maksmi.ee\/lt\/wp-json\/wp\/v2\/comments?post=97"}],"version-history":[{"count":2,"href":"https:\/\/maksmi.ee\/lt\/wp-json\/wp\/v2\/pages\/97\/revisions"}],"predecessor-version":[{"id":996,"href":"https:\/\/maksmi.ee\/lt\/wp-json\/wp\/v2\/pages\/97\/revisions\/996"}],"wp:attachment":[{"href":"https:\/\/maksmi.ee\/lt\/wp-json\/wp\/v2\/media?parent=97"}],"curies":[{"name":"wp","href":"https:\/\/api.w.org\/{rel}","templated":true}]}}