{"id":105,"date":"2016-10-05T11:12:14","date_gmt":"2016-10-05T09:12:14","guid":{"rendered":"http:\/\/www.maksmi.ee\/our-company\/"},"modified":"2024-10-08T18:27:10","modified_gmt":"2024-10-08T16:27:10","slug":"our-company","status":"publish","type":"page","link":"https:\/\/maksmi.ee\/lt\/our-company\/","title":{"rendered":"M\u016bs\u0173 kompanija"},"content":{"rendered":"<p>O\u00dc Maksmi \u012fkurta 1997 metais ir specializuojasi gele\u017einkeli\u0173, tramvaj\u0173 ir kranini\u0173 keli\u0173 statybos med\u017eiag\u0173 tiekimu. Nuo pat bendrov\u0117s \u012fk\u016brimo viena i\u0161 pagrindini\u0173 m\u016bs\u0173 veiklos sri\u010di\u0173 yra gele\u017einkelio vir\u0161utinio kelio statinio med\u017eiag\u0173 tiekimas.<\/p>\n<p>M\u016bs\u0173 misija \u2013 pasi\u016blyti klientams optimaliausius ir efektyvius sprendimus.<\/p>\n<p>Savo klientams si\u016blome visk\u0105 i\u0161 vien\u0173 rank\u0173. Greitai reaguojame \u012f klient\u0173 u\u017eklausas.Teikiame auk\u0161\u010diausios kokyb\u0117s med\u017eiagas u\u017e geriausi\u0105 kain\u0105.Turime didel\u012f gele\u017einkelio med\u017eiag\u0173 sand\u0117l\u012f. Atstovaujame pa\u010dius solid\u017eiausius gamintojus. Reikalingas med\u017eiagas pristatome per trumpiausi\u0105 termin\u0105<\/p>\n<p>Mes galime pasi\u016blyti visas vir\u0161utinio kelio statinio med\u017eiagas: magistralinius, tramvaj\u0173 ir pokraninius b\u0117gius, ie\u0161mus ir j\u0173 atsargines dalis, gel\u017ebetoninius, medinius ir kompozitinius pab\u0117gius, vis\u0173 r\u016b\u0161i\u0173 tvirtinim\u0105 ir izoliacij\u0105.<\/p>\n<p>Si\u016blome naujoves- sv\u0117rimo sistemos, vibracijos ir triuk\u0161mo izoliacija, tramvaj\u0173 automatizavimas, tramvaj\u0173 atsargin\u0117s dalys.<\/p>\n<p>M\u016bs\u0173 pagrindinis siekis \u2013 tobul\u0117ti ir galimyb\u0117 pasi\u016blyti ne tik standartinius sprendimus, bet ir alternatyvias inovacijas, ne tik atitinkan\u010dias J\u016bs\u0173 poreikiams, bet ir vir\u0161ijan\u010dias juos kokyb\u0117s at\u017evilgiu, tuo pa\u010diu metu, i\u0161saugant optimali\u0105 kain\u0105.<\/p>\n<p>Konsultuojame savo klientus, pad\u0117dami jiems rasti optimalius sprendimus.<\/p>\n<p>M\u016bs\u0173 profesionali komanda ir ilgamet\u0117 patirtis padar\u0117 mus kompetentingais ekspertais savo srityje, kai kalbama apie med\u017eiagas, atitinkan\u010dias GOST ir DSTU standartus 1520 mm v\u0117\u017eei, taip pat apie med\u017eiagas, atitinkan\u010dias Europos S\u0105jungos TSI ir EN reikalavimus.<\/p>\n<p>Dr\u0105siai kreipkit\u0117s \u012f mus, nurodykite reikaling\u0173 med\u017eiag\u0173 kiek\u012f, numatom\u0105 tiekimo termin\u0105 ir viet\u0105, o mes pateiksime kompleksin\u012f pasi\u016blym\u0105 atitinkant\u012f b\u016btent J\u016bs\u0173 poreikius.<\/p>\n<p>Mes si\u016blome Jums ilgalaik\u012f abipusiai nauding\u0105 bendradarbiavim\u0105.<\/p>\n<p>Parodos-<\/p>\n<p>2023 m. OU MAKSMI dalyvavo Trako 2023 parodoje \u2013 viename did\u017eiausi\u0173 ir presti\u017ei\u0161kiausi\u0173 gele\u017einkeli\u0173 pramon\u0117s rengini\u0173, vykusiame Gdanske, Lenkijoje. M\u016bs\u0173 komanda aktyviai dalyvavo diskusijose ir konferencijose su gele\u017einkelio pramon\u0117s ekspertais, kolegomis ir partneriais. Susipa\u017einome su inovatyviais eksponatais, dalyvavome prezentacijose, kuriose buvo demonstruojami naujausi gele\u017einkeli\u0173 technologij\u0173 pasiekimai. Nauji kontaktai ir \u017einios, \u012fgytos \u0161ioje parodoje, neabejotinai prisid\u0117s prie tolesnio m\u016bs\u0173 \u012fmon\u0117s augimo ir s\u0117km\u0117s.<\/p>\n<p>Inovacijos-<\/p>\n<p>2023 m. gegu\u017e\u0117 Weighwell \u012fmon\u0117s svarstykl\u0117s buvo sumontuotos Estijos ENEFIT POWER AS kasykloje (Estija) ir skirtos degi\u0173j\u0173 skal\u016bn\u0173 sv\u0117rimui, kai jie pakraunami \u012f gele\u017einkelio vagonus.<\/p>\n<p>2024 m. balandis Perkeliam\u0173 mobili\u0173 gele\u017einkelio svarstykli\u0173 Weighwell \u012fmonei LTG Cargo (Lietuva) tiekimas. \u0160ios lengvos, lengvai nustatomos svarstykl\u0117s gali b\u016bti perkeliamos \u012f \u012fvairius kliento terminalus, u\u017etikrinant efektyv\u0173 riedmen\u0173 sv\u0117rim\u0105. Dabar Weighwell gamybos svarstykl\u0117s yra \u012frengtos visose trijose Baltijos \u0161alyse.<\/p>\n","protected":false},"excerpt":{"rendered":"<p>O\u00dc Maksmi \u012fkurta 1997 metais ir specializuojasi gele\u017einkeli\u0173, tramvaj\u0173 ir kranini\u0173 keli\u0173 statybos med\u017eiag\u0173 tiekimu. Nuo pat bendrov\u0117s \u012fk\u016brimo viena i\u0161 pagrindini\u0173 m\u016bs\u0173 veiklos sri\u010di\u0173 yra gele\u017einkelio vir\u0161utinio kelio statinio med\u017eiag\u0173 tiekimas. M\u016bs\u0173 misija \u2013 pasi\u016blyti klientams optimaliausius ir efektyvius sprendimus. Savo klientams si\u016blome visk\u0105 i\u0161 vien\u0173 rank\u0173. Greitai reaguojame \u012f klient\u0173 u\u017eklausas.Teikiame auk\u0161\u010diausios kokyb\u0117s [&hellip;]<\/p>\n","protected":false},"author":5,"featured_media":1779,"parent":0,"menu_order":0,"comment_status":"closed","ping_status":"closed","template":"","meta":[],"acf":[],"_links":{"self":[{"href":"https:\/\/maksmi.ee\/lt\/wp-json\/wp\/v2\/pages\/105"}],"collection":[{"href":"https:\/\/maksmi.ee\/lt\/wp-json\/wp\/v2\/pages"}],"about":[{"href":"https:\/\/maksmi.ee\/lt\/wp-json\/wp\/v2\/types\/page"}],"author":[{"embeddable":true,"href":"https:\/\/maksmi.ee\/lt\/wp-json\/wp\/v2\/users\/5"}],"replies":[{"embeddable":true,"href":"https:\/\/maksmi.ee\/lt\/wp-json\/wp\/v2\/comments?post=105"}],"version-history":[{"count":4,"href":"https:\/\/maksmi.ee\/lt\/wp-json\/wp\/v2\/pages\/105\/revisions"}],"predecessor-version":[{"id":2885,"href":"https:\/\/maksmi.ee\/lt\/wp-json\/wp\/v2\/pages\/105\/revisions\/2885"}],"wp:featuredmedia":[{"embeddable":true,"href":"https:\/\/maksmi.ee\/lt\/wp-json\/wp\/v2\/media\/1779"}],"wp:attachment":[{"href":"https:\/\/maksmi.ee\/lt\/wp-json\/wp\/v2\/media?parent=105"}],"curies":[{"name":"wp","href":"https:\/\/api.w.org\/{rel}","templated":true}]}}