{"id":101,"date":"2016-10-05T11:12:02","date_gmt":"2016-10-05T09:12:02","guid":{"rendered":"http:\/\/www.maksmi.ee\/our-partners\/"},"modified":"2024-10-08T15:47:52","modified_gmt":"2024-10-08T13:47:52","slug":"our-partners","status":"publish","type":"page","link":"https:\/\/maksmi.ee\/lt\/our-partners\/","title":{"rendered":"M\u016bs\u0173 partneriai"},"content":{"rendered":"<ul class=\"company-partners-list clearfix\">\n<li>\n<div class=\"company-partner-image\"><img decoding=\"async\" class=\"wp-image-188 alignleft\" src=\"https:\/\/maksmi.ee\/wp-content\/uploads\/2022\/06\/logo.png\" alt=\"elektroline-logo\" \/><\/div>\n<p>Elektroline Ltd (\u010cekija) yra \u0161iuolaikin\u0117 gamybos \u012fmon\u0117, kurios specializacija &#8211; kontaktinio tinklo komponent\u0173 gamyba gele\u017einkelio, tramvajaus ir troleibuso linijoms. \u012emon\u0117s gaminiai &#8211; puikus kokyb\u0117s ir prieinamos kainos derinys. Pla\u010diau: <a href=\"https:\/www.elektroline.cz  target=\" rel=\"noopener noreferrer\">www.elektroline.cz<\/a><\/li>\n<li>\n<div class=\"company-partner-image\"><img decoding=\"async\" class=\"wp-image-188 alignleft\" src=\"https:\/\/maksmi.ee\/wp-content\/uploads\/2023\/01\/sealable.png\" alt=\"sealable-logo\" \/><\/div>\n<p>SEALABLE Solutions GmbH yra Vokietijos \u012fmon\u0117, viena i\u0161 pasaulin\u0117s lyderi\u0173 tramvajaus ir gele\u017einkelio b\u0117gi\u0173 vibracijos ir triuk\u0161mo izoliacijos srityje. \u012emon\u0117 nuolat tobulina naujus gaminius ir sprendimus savo srityje, k\u0105 patvirtina 25 turimi patentai. Didelis d\u0117mesys skiriamas ir aplinkosauginiams gamybos aspektams &#8211; apie 50% naudojam\u0173 \u017ealiav\u0173 yra perdirbtos ir antrin\u0117s \u017ealiavos. Pla\u010diau: <a href=\"https:\/\/seal-able.com\/we-are-sealable_en  target=\" rel=\"noopener noreferrer\">www.seal-able.com<\/a><\/li>\n<li>\n<div class=\"company-partner-image\"><img decoding=\"async\" class=\"wp-image-188 alignleft\" src=\"https:\/\/maksmi.ee\/wp-content\/uploads\/2024\/03\/MicrosoftTeams-image-4.png\" \/><\/div>\n<p>Dellner Frimatrail Frenoplast S.A. yra \u012fmon\u0117, kurios specializacija yra gele\u017einkelio pramon\u0117s trinties med\u017eiag\u0173 projektavimas, pl\u0117tra ir gamyba. \u012emon\u0117 priklauso DELLNER BUBENZER grupei, pasaulinei lyderiaujan\u010diai stabd\u017ei\u0173 ir hidraulini\u0173 sistem\u0173 srityje, turin\u010diai tarptautin\u0119 veikl\u0105 ir puiki\u0105 reputacij\u0105. Dellner Frimatrail Frenoplast S.A. yra Lenkijos kompozicini\u0173 trinties med\u017eiag\u0173 gele\u017einkelio vagonams ir tramvajams gamintojas, kur\u012f labai vertina tarptautiniai pirk\u0117jai. Pla\u010diau: <a href=\"https:\/frimatrail-frenoplast.pl  target=\" rel=\"noopener noreferrer\">www.frimatrail-frenoplast.pl<\/a><\/li>\n<li>\n<div class=\"company-partner-image\"><img decoding=\"async\" class=\"wp-image-188 alignleft\" src=\" https:\/\/maksmi.ee\/wp-content\/uploads\/2017\/10\/Logo_Schwihag.jpg \" alt=\"schwihag-logo\" \/><\/div>\n<p>\u012emon\u0117 SCHWIHAG AG \u012fkurta 1971 m. Tegervilene, \u0160veicarijoje. Schwihag AG \u2013 vykdo vir\u0161utin\u0117s kelio konstrukcijos sistem\u0173 gamyba nuo 1971 m. Visame pasaulyje SCHWIHAG AG novatori\u0161ki produktai, si\u016blantys naujus sprendimus, yra puikiai vertinami greit\u0173j\u0173 ir sunkiasvori\u0173 gele\u017einkelio linij\u0173, taip pat tramvaj\u0173 ir metro linij\u0173. SCHWIHAG AG produktai yra lengvai montuojami, nereikalauja ypatingos prie\u017ei\u016bros ir saug\u016bs aplinkosaugos po\u017ei\u016briu. SCHWIHAG AG suteikiame didel\u0119 reik\u0161m\u0119 aplinkos apsaugai. Pla\u010diau: <a href=\"http:\/\/www.schwihag.com  target=\" rel=\"noopener noreferrer\">www.schwihag.com<\/a><\/li>\n<li>\n<div class=\"company-partner-image\"><img decoding=\"async\" class=\"wp-image-188 alignleft\" src=\"https:\/\/maksmi.ee\/wp-content\/uploads\/2022\/06\/logo1.jpg\" alt=\"rfi-logo\" \/><\/div>\n<p>&#8222;Saarstahl Rail&#8221; &#8211; Pranc\u016bzijos gamykla, patikima auk\u0161\u010diausios klas\u0117s gele\u017einkelio ir tramvaj\u0173 b\u0117gi\u0173 tiek\u0117ja, per metus pagaminanti apie 400 000 ton\u0173 gamini\u0173. \u012emon\u0117 i\u0161siskiria pavyzdiniu gamybos organizavimu ir efektyviu bendravimu su klientais. Pla\u010diau: <a href=\"https:\/\/saarstahl-rail.business.site\/\" target=\"_blank\" rel=\"noopener noreferrer\">saarstahl-rail.business.site<\/a><\/li>\n<li>\n<div class=\"company-partner-image\"><img decoding=\"async\" class=\"wp-image-188 alignleft\" src=\"https:\/\/maksmi.ee\/wp-content\/uploads\/2016\/12\/weighwell.jpg\" alt=\"weighwell-logo\" \/><\/div>\n<p>Weighwell Engineering Ltd yra gele\u017einkeli\u0173 mobili\u0173j\u0173 svarstykli\u0173 sistem\u0173 gamintojas, su daugiau nei 25 met\u0173 patirtimi. Bendrov\u0117 yra vertinama, d\u0117l savo puikios in\u017einerijos \u012fg\u016bd\u017ei\u0173, \u017eini\u0173 ir inovacij\u0173. Remiantis klient\u0173 poreikiais siekiame rasti geriausius sprendimus. Bendradarbiaujant su firma Weightwell \u012fdiegta unikali \u0161e\u0161i\u0173 a\u0161i\u0173 sv\u0117rimo sistema depe Tapa EVR Cargo. Pla\u010diau: <a href=\"http:\/\/www.weighwell.com\" target=\"_blank\" rel=\"noopener noreferrer\">www.weighwell.com<\/a><\/li>\n<li>\n<div class=\"company-partner-image\"><img decoding=\"async\" class=\"wp-image-188 alignleft\" src=\"https:\/\/maksmi.ee\/wp-content\/uploads\/2016\/12\/tenconi.png\" alt=\"tenconi-logo\" \/><\/div>\n<p>Tenconi SA buvo \u012fkurta 1871 metais ir yra \u0160veicarijos gele\u017einkelio med\u017eiag\u0173 gamintojas. D\u0117ka savo kokyb\u0117s, Tenconi produktai naudojami visame pasaulyje. Nuo 2002 Estijoje naudojamos Tenconi gamybos izoliuotos sand\u016bros. Pla\u010diau: <a href=\"http:\/\/www.tenconi.ch\" target=\"_blank\" rel=\"noopener noreferrer\">www.tenconi.ch<\/a><\/li>\n<li>\n<div class=\"company-partner-image\"><img decoding=\"async\" class=\"wp-image-188 alignleft\" src=\"https:\/\/maksmi.ee\/wp-content\/uploads\/2016\/12\/bharat.jpg\" alt=\"bharat-logo\" \/><\/div>\n<p>CDP Bharat Forge yra Vokietijos bendrov\u0117 \u012feinant\u012f \u012f tarptautin\u0119 korporacij\u0105 Kalyani, kuri gamina auk\u0161\u010diausios kokyb\u0117s, nereikalaujan\u010dius papildomos prie\u017ei\u016bros ir s\u0105naud\u0173 komponentus ie\u0161mas. Organizacija turi 175 met\u0173 patirt\u012f gele\u017einkeli\u0173 transporto sektoriuje. Estijoje ir Latvijoje jau dabar \u012fdiegti ir gan\u0117tinai pla\u010diai naudojami inovatyv\u016bs CDP Bharat Forge ritinin\u0117s ie\u0161m\u0173 pagalbinio perjungimo sistemos. Pla\u010diau: <a href=\"http:\/\/www.cdp-railsystems.com\/index.html\" target=\"_blank\" rel=\"noopener noreferrer\">www.cdp-railsystems.com<\/a><\/li>\n<li>\n<div class=\"company-partner-image\"><img decoding=\"async\" class=\"wp-image-188 alignleft\" src=\"https:\/\/maksmi.ee\/wp-content\/uploads\/2018\/02\/PrazskaStrojirna.png\" alt=\"pra-logo\" \/><\/div>\n<p>Jau daugiau nei 100 met\u0173 \u010cekijos \u012fmon\u0117 Pra\u017eska Stroirna gamina tramvaj\u0173 keli\u0173 ie\u0161mus. Produktai naudojami daugelyje miest\u0173 visame pasaulyje nuo Australijos iki Austrijos, nuo JAV iki Rusijos. Tramvaj\u0173 keli\u0173 ie\u0161mai pagaminti \u012fmon\u0117s Pra\u017eska Strojrna yra sumontuoti tramvajaus linijoje Kopli Tallinna Linnatranspordi AS. Pla\u010diau: <a href=\"http:\/\/pstroj.cz\/\" target=\"_blank\" rel=\"noopener noreferrer\">www.pstroj.cz<\/a><\/li>\n<li>\n<div class=\"company-partner-image\"><img decoding=\"async\" class=\"wp-image-188 alignleft\" src=\"https:\/\/maksmi.ee\/wp-content\/uploads\/2016\/10\/GOST-300x178.png\" alt=\"ukr-logo\" \/><\/div>\n<p>\u012esik\u016br\u016bsi Ukrainoje Dnipropetrovsko ie\u0161m\u0173 gamykla gamina ie\u0161min\u0119 produkcija ir tvirtinimo med\u017eiagas skirtas pla\u010diosios 1520 mm v\u0117\u017e\u0117s sistemai. Pla\u010diau: <a href=\"http:\/\/www.dsz.dp.ua\" target=\"_blank\" rel=\"noopener noreferrer\">www.dsz.dp.ua<\/a><\/li>\n<li>\n<div class=\"company-partner-image\"><img decoding=\"async\" class=\"wp-image-188 alignleft\" src=\"https:\/\/maksmi.ee\/wp-content\/uploads\/2022\/07\/Connector_logo_R.jpg\" alt=\"pezconnector-logo\" \/><\/div>\n<p>PEZ CONNECTOR Sp.J. specializuojasi gele\u017einkelio tvirtinimo med\u017eiag\u0173 gamyboje. Daugiau nei pus\u0119 savo pagamintos produkcijos \u012fmon\u0117 eksportuoja. Auk\u0161tos kokyb\u0117s produktai yra gerai \u017einomi tiek Lenkijoje ir visoje Europos Bendrijos rinkoje. Pla\u010diau: <a href=\"http:\/\/www.pezconnector.pl\/\" target=\"_blank\" rel=\"noopener noreferrer\">www.pezconnector.pl<\/a><\/li>\n<li>\n<div class=\"company-partner-image\"><img decoding=\"async\" class=\"wp-image-188 alignleft\" src=\"https:\/\/maksmi.ee\/wp-content\/uploads\/2024\/03\/image.jpg\" alt=\"pezconnector-logo\" \/><\/div>\n<p>Paul M\u00fcller yra Vokietijos \u012fmon\u0117, nuo 1911 m. specializuojasi jungimo technikoje. Melsungeno mieste \u012fsik\u016brusi \u012fmon\u0117 gamina plastikinius ir medinius gaminius gele\u017einkelio v\u0117\u017e\u0117ms, jungiam\u0105sias lameles ir medicinos technik\u0105. Jie ypa\u010d gars\u0117ja efektyvi\u0173 ir ekonomi\u0161k\u0173 gele\u017einkelio v\u0117\u017ei\u0173 jungiam\u0173j\u0173 sistem\u0173 k\u016brimu. Paul M\u00fcller Technische Produkte GmbH yra B. Braun Melsungen AG dukterin\u0117 \u012fmon\u0117. Pla\u010diau: <a href=\"https:\/\/www.paul-mueller.com\/\" target=\"_blank\" rel=\"noopener noreferrer\">https:\/\/www.paul-mueller.com<\/a><\/li>\n<li>\n<div class=\"company-partner-image\"><img decoding=\"async\" class=\"wp-image-188 alignleft\" src=\"https:\/\/maksmi.ee\/wp-content\/uploads\/2024\/03\/logo-Gorniczej-Fabryki-Narzedzi-1.webp\" alt=\"pezconnector-logo\" \/><\/div>\n<p>G\u00f3rnicza Fabryka Narz\u0119dzi yra Lenkijos gamykla, kuri specializuojasi nestandartini\u0173 tvirtinimo detali\u0173 (\u012fskaitant pagal kliento br\u0117\u017einius) gamybai gele\u017einkeliams ir tramvaj\u0173 b\u0117giams. Pla\u010diau: <a href=\"https:\/\/www.gfn.com.pl\/\" target=\"_blank\" rel=\"noopener noreferrer\">https:\/\/www.gfn.com.pl\/<\/a><\/li>\n<li>\n<div class=\"company-partner-image\"><img decoding=\"async\" loading=\"lazy\" class=\"aligncenter wp-image-2787 size-full\" src=\"https:\/\/maksmi.ee\/wp-content\/uploads\/2024\/09\/Transavt-colored.png\" alt=\"\" width=\"100\" height=\"85\" \/><\/div>\n<p>UAB \u201eNPO Transavtomatika\u201c veikia Ukrainos gele\u017einkeli\u0173 rinkoje nuo 1993 met\u0173. Bendrov\u0117 specializuojasi signalizacijos ir ry\u0161i\u0173 sistem\u0173 projektavime, statybos ir montavimo darbuose bei \u012frangos tiekime. Pagrindin\u0117s kryptys: mikroprocesorini\u0173, relini\u0173 sistem\u0173 ir automatini\u0173 perva\u017e\u0173 signalizacija.<\/li>\n<li>\n<div class=\"company-partner-image\"><img decoding=\"async\" loading=\"lazy\" class=\"aligncenter wp-image-2792 size-full\" src=\"https:\/\/maksmi.ee\/wp-content\/uploads\/2024\/09\/BGFrubber_logo-colored.png\" alt=\"\" width=\"422\" height=\"126\" srcset=\"https:\/\/maksmi.ee\/wp-content\/uploads\/2024\/09\/BGFrubber_logo-colored.png 422w, https:\/\/maksmi.ee\/wp-content\/uploads\/2024\/09\/BGFrubber_logo-colored-300x90.png 300w\" sizes=\"(max-width: 422px) 100vw, 422px\" \/><\/div>\n<p>BGF Rubber specializuojasi gamindama gumines b\u0117gi\u0173 tarpines \u012fvairioms tvirtinimo sistemoms. Tarpin\u0117s sugeria traukini\u0173 vibracijas ir sm\u016bgius, apsaugodamos b\u0117gius ir vagonus. \u012emon\u0117 yra patentavusi Zw900 ir Zw1000 b\u0117gi\u0173 tarpini\u0173 dizain\u0105 ir pagaminusi daugiau nei 15 milijon\u0173 tarpini\u0173.<\/li>\n<\/ul>\n","protected":false},"excerpt":{"rendered":"<p>Elektroline Ltd (\u010cekija) yra \u0161iuolaikin\u0117 gamybos \u012fmon\u0117, kurios specializacija &#8211; kontaktinio tinklo komponent\u0173 gamyba gele\u017einkelio, tramvajaus ir troleibuso linijoms. \u012emon\u0117s gaminiai &#8211; puikus kokyb\u0117s ir prieinamos kainos derinys. Pla\u010diau: www.elektroline.cz SEALABLE Solutions GmbH yra Vokietijos \u012fmon\u0117, viena i\u0161 pasaulin\u0117s lyderi\u0173 tramvajaus ir gele\u017einkelio b\u0117gi\u0173 vibracijos ir triuk\u0161mo izoliacijos srityje. \u012emon\u0117 nuolat tobulina naujus gaminius ir [&hellip;]<\/p>\n","protected":false},"author":5,"featured_media":0,"parent":0,"menu_order":0,"comment_status":"closed","ping_status":"closed","template":"","meta":[],"acf":[],"_links":{"self":[{"href":"https:\/\/maksmi.ee\/lt\/wp-json\/wp\/v2\/pages\/101"}],"collection":[{"href":"https:\/\/maksmi.ee\/lt\/wp-json\/wp\/v2\/pages"}],"about":[{"href":"https:\/\/maksmi.ee\/lt\/wp-json\/wp\/v2\/types\/page"}],"author":[{"embeddable":true,"href":"https:\/\/maksmi.ee\/lt\/wp-json\/wp\/v2\/users\/5"}],"replies":[{"embeddable":true,"href":"https:\/\/maksmi.ee\/lt\/wp-json\/wp\/v2\/comments?post=101"}],"version-history":[{"count":20,"href":"https:\/\/maksmi.ee\/lt\/wp-json\/wp\/v2\/pages\/101\/revisions"}],"predecessor-version":[{"id":2882,"href":"https:\/\/maksmi.ee\/lt\/wp-json\/wp\/v2\/pages\/101\/revisions\/2882"}],"wp:attachment":[{"href":"https:\/\/maksmi.ee\/lt\/wp-json\/wp\/v2\/media?parent=101"}],"curies":[{"name":"wp","href":"https:\/\/api.w.org\/{rel}","templated":true}]}}