{"id":99,"date":"2016-10-05T11:12:02","date_gmt":"2016-10-05T11:12:02","guid":{"rendered":"http:\/\/www.maksmi.ee\/our-partners\/"},"modified":"2024-10-08T15:42:32","modified_gmt":"2024-10-08T13:42:32","slug":"meie-partnerid","status":"publish","type":"page","link":"https:\/\/maksmi.ee\/et\/meie-partnerid\/","title":{"rendered":"Meie partnerid"},"content":{"rendered":"<ul class=\"company-partners-list clearfix\">\n<li>\n<div class=\"company-partner-image\"><img decoding=\"async\" class=\"wp-image-188 alignleft\" src=\"https:\/\/maksmi.ee\/wp-content\/uploads\/2022\/06\/logo.png\" alt=\"elektroline-logo\" \/><\/div>\n<p>Elektroline Ltd (T\u0161ehhi Vabariik) on kaasaegne tootmisettev\u00f5te, mis on spetsialiseerunud raudtee-, trammi- ja trollibussi trasside \u00f5huv\u00f5rgu komponentide tootmisele. Ettev\u00f5tte tooted on suurep\u00e4rane n\u00e4ide heast kvaliteedist taskukohase hinnaga.<br \/>\nLisainfo: <a href=\"https:\/www.elektroline.cz  target=\" rel=\"noopener noreferrer\">www.elektroline.cz<\/a><\/li>\n<li>\n<div class=\"company-partner-image\"><img decoding=\"async\" class=\"wp-image-188 alignleft\" src=\"https:\/\/maksmi.ee\/wp-content\/uploads\/2023\/01\/sealable.png\" alt=\"sealable-logo\" \/><\/div>\n<p>SEALABLE Solutions GmbH on Saksamaa ettev\u00f5te, mis on \u00fcks maailma liidreid trammi- ja raudteer\u00f6\u00f6pade vibratsiooni- ja m\u00fcraisolatsiooni tootmises. Ettev\u00f5te tegeleb pidevalt oma valdkonna uute toodete ja lahenduste v\u00e4ljat\u00f6\u00f6tamisega, mida kinnitab 25 patendi olemasolu. Suurt t\u00e4helepanu p\u00f6\u00f6ratakse ka tootmise keskkonnaohutusele, umbes 50% kasutatavatest toormaterjalidest on taaskasutatud ja ringlusseitatud materjalid.<br \/>\nLisainfo: <a href=\"https:\/\/seal-able.com\/we-are-sealable_en  target=\" rel=\"noopener noreferrer\">www.seal-able.com<\/a><\/li>\n<li>\n<div class=\"company-partner-image\"><img decoding=\"async\" class=\"wp-image-188 alignleft\" src=\"https:\/\/maksmi.ee\/wp-content\/uploads\/2024\/03\/MicrosoftTeams-image-4.png\" alt=\"frimatrail-logo\" \/><\/div>\n<p>Dellner Frimatrail Frenoplast S.A. on spetsialiseerunud h\u00f5\u00f5rdetailide projekteerimisele, arendamisele ja tootmisele raudtee-ettev\u00f5tete jaoks. Ettev\u00f5te kuulub DELLNER BUBENZER gruppi, mis on pidurite ja h\u00fcdraulikas\u00fcsteemide valdkonna maailma liider, kellel on rahvusvaheline tegevusulatus ja maineelisus. Poola tootjana valmistab Dellner Frimatrail Frenoplast S.A. raudtee- ja trammide jaoks komposiit-h\u00f5\u00f5rdetaile, mida rahvusvahelised ostjad k\u00f5rgelt hindavad. Vaata lisaks: <a href=\"https:\/frimatrail-frenoplast.pl  target=\" rel=\"noopener noreferrer\">www.frimatrail-frenoplast.pl<\/a><\/li>\n<li>\n<div class=\"company-partner-image\"><img decoding=\"async\" class=\"wp-image-188 alignleft\" src=\" https:\/\/maksmi.ee\/wp-content\/uploads\/2017\/10\/Logo_Schwihag.jpg \" alt=\"schwihag-logo\" \/><\/div>\n<p>1971. aastal asutatud \u0160veitsi firma Schwihag AG r\u00f6\u00f6pakinnituss\u00fcsteemide ja p\u00f6\u00f6rmekomponentide tootja ja arendaja. Ettev\u00f5te tegeleb uute tehniliste lahenduste v\u00e4ljat\u00f6\u00f6tamisega ja olemasolevate s\u00fcsteemide t\u00e4iustamisega. Schwihagi r\u00f6\u00f6pakinnituss\u00fcsteemid ja p\u00f6\u00f6rmete lahendused kiirraudteedele, raske telejekoormusega raudteedele ja samuti trammiteedele on hinnatud kogu maailmas. Kvaliteetsete, t\u00f6\u00f6kindlate ja pikaealiste Schwihagi komponentide kasutamine v\u00f5imaldab meie klientidel s\u00e4\u00e4sta m\u00e4rkimisv\u00e4\u00e4rselt taristu hoolduskulusid ja t\u00f5sta t\u00f6\u00f6kindlust. Schwihagi tooted vasatavad k\u00f5ige rangematele EL tingimustele,on lihtsalt paigaldatavad, hooldusvabad ja \u00f6koloogilised. Vaata l\u00e4hemalt: <a href=\"http:\/\/www.schwihag.com  target=\" rel=\"noopener noreferrer\">www.schwihag.com<\/a><\/li>\n<li>\n<div class=\"company-partner-image\"><img decoding=\"async\" class=\"wp-image-188 alignleft\" src=\"https:\/\/maksmi.ee\/wp-content\/uploads\/2022\/06\/logo1.jpg\" alt=\"rfi-logo\" \/><\/div>\n<p>Saarstahl Rail on Prantsuse tehas, mis on usaldusv\u00e4\u00e4rne premium-klassi r\u00f6\u00f6pade ja trammir\u00f6\u00f6pade tarnija. Ettev\u00f5te toodab aastas umbes 400 000 tonni tooteid ning eristub eeskujuliku tootmiskorralduse ja efektiivse suhtlusviisiga klientidega. Lisainfo: <a href=\"https:\/\/saarstahl-rail.business.site\/\" target=\"_blank\" rel=\"noopener noreferrer\">saarstahl-rail.business.site<\/a><\/li>\n<li>\n<div class=\"company-partner-image\"><img decoding=\"async\" class=\"wp-image-188 alignleft\" src=\"https:\/\/maksmi.ee\/wp-content\/uploads\/2016\/12\/weighwell.jpg\" alt=\"weighwell-logo\" \/><\/div>\n<p>Weighwell Engineering Ltd on \u00fcle 25 aasta pikkuse kogemusega teisaldatavate raudtee kaalumiss\u00fcsteemide tootja. Ettev\u00f5tte on hinnatud oma suurep\u00e4raste insenerioskuste, teadmiste ja uuenduslikkuse poolest. L\u00e4htudes klintide vajadustest leieame optimaalseima lahenduse. Koost\u00f6\u00f6s Weightwelliga paigaldasime EVR Cargo Tapa depoose unikaalse 6 teljelise kaalus\u00fcsteemi. Vaata l\u00e4hemalt: <a href=\"http:\/\/www.weighwell.com\" target=\"_blank\" rel=\"noopener noreferrer\">www.weighwell.com<\/a><\/li>\n<li>\n<div class=\"company-partner-image\"><img decoding=\"async\" class=\"wp-image-188 alignleft\" src=\"https:\/\/maksmi.ee\/wp-content\/uploads\/2016\/12\/tenconi.png\" alt=\"tenconi-logo\" \/><\/div>\n<p>Tenconi SA on 1871 aastal asutatud \u0160veitsi raudteematerjalide tootja. T\u00e4nu oma kvaliteedile on Tenconi tooted kasutusel kogu maailmas. Alates 2002 aastast kasutatakse Eestis Tenconi toodetud isoleerlukke. Vaata l\u00e4hemalt:<a href=\"http:\/\/www.tenconi.ch\" target=\"_blank\" rel=\"noopener noreferrer\">www.tenconi.ch<\/a><\/li>\n<li>\n<div class=\"company-partner-image\"><img decoding=\"async\" class=\"wp-image-188 alignleft\" src=\"https:\/\/maksmi.ee\/wp-content\/uploads\/2016\/12\/bharat.jpg\" alt=\"bharat-logo\" \/><\/div>\n<p>Bharat Forge CDP on rahvusvahelisse Kalyani gruppi kuuluv Sakasamaa ettev\u00f5te, mis tootab kvaliteetseid hooldusvabu p\u00f6\u00f6rmekomponente. Organistatsioon omab 175 aastast kogemust raudteevaldkonnas. Eestis ja L\u00e4tis on kasutusel CDP toodetud p\u00f6\u00f6rmerullikud. Vaata l\u00e4hemalt:<a href=\"http:\/\/www.cdp-railsystems.com\/index.html\" target=\"_blank\" rel=\"noopener noreferrer\">www.cdp-railsystems.com<\/a><\/li>\n<li>\n<div class=\"company-partner-image\"><img decoding=\"async\" class=\"wp-image-188 alignleft\" src=\"https:\/\/maksmi.ee\/wp-content\/uploads\/2018\/02\/PrazskaStrojirna.png\" alt=\"pra-logo\" \/><\/div>\n<p>Enam kui 100 aastat toodab T\u0161ehhi ettev\u00f5te Pra\u017eska Stroirna trammip\u00f6\u00f6rmeid.Tooted on kasutsel paljudes maailma linnades Austraaliast kuni Austriani ja USA-st kuni Venemaani. Pra\u017eska Strojrna p\u00f6\u00f6rmed paigaldatakse TLT Kopli liinile. Vaata l\u00e4hemalt: <a href=\"http:\/\/pstroj.cz\/\" target=\"_blank\" rel=\"noopener noreferrer\">www.pstroj.cz<\/a><\/li>\n<li>\n<div class=\"company-partner-image\"><img decoding=\"async\" class=\"wp-image-188 alignleft\" src=\"https:\/\/maksmi.ee\/wp-content\/uploads\/2016\/10\/GOST-300x178.png\" alt=\"ukr-logo\" \/><\/div>\n<p>Ukraina Dnipropetrovski p\u00f6\u00f6rmetehas toodab 1520 mm s\u00fcsteemi p\u00f6\u00f6rmeid ja aluslappe. Vaata l\u00e4hemalt: <a href=\"http:\/\/www.dsz.dp.ua\" target=\"_blank\" rel=\"noopener noreferrer\">www.dsz.dp.ua<\/a><\/li>\n<li>\n<div class=\"company-partner-image\"><img decoding=\"async\" class=\"wp-image-188 alignleft\" src=\"https:\/\/maksmi.ee\/wp-content\/uploads\/2022\/07\/Connector_logo_R.jpg\" alt=\"pezconnector-logo\" \/><\/div>\n<p>PEZ Connector on spetsialiseerunud raudtee kinnituselementide tootmisele \u00dcle poole toodangust eksporditakse. Toodete k\u00f5rge kvaliteet on tuntud nii Poolas kui ka kogu Euroopa turul. Vaata l\u00e4hemalt: <a href=\"http:\/\/www.pezconnector.pl\/\" target=\"_blank\" rel=\"noopener noreferrer\">www.pezconnector.pl<\/a><\/li>\n<li>\n<div class=\"company-partner-image\"><img decoding=\"async\" class=\"wp-image-188 alignleft\" src=\"https:\/\/maksmi.ee\/wp-content\/uploads\/2024\/03\/image.jpg\" alt=\"pezconnector-logo\" \/><\/div>\n<p>Paul M\u00fcller on Saksamaa ettev\u00f5te, mis on spetsialiseerunud \u00fchendustehnikale alates aastast 1911. Melsungenis asuv ettev\u00f5te toodab raudteede aluskonstruktsioonide, \u00fchendusliistude ja meditsiinitehnika jaoks plastik- ja puittooteid. Nad on eriti tuntud t\u00f5husate ja kulut\u00f5husate raudtee-aluste \u00fchenduss\u00fcsteemide v\u00e4ljat\u00f6\u00f6tamise poolest. Paul M\u00fcller Technische Produkte GmbH on B. Braun Melsungen AG t\u00fctarettev\u00f5te. Vaata l\u00e4hemalt: <a href=\"https:\/\/www.paul-mueller.com\/\" target=\"_blank\" rel=\"noopener noreferrer\">https:\/\/www.paul-mueller.com<\/a><\/li>\n<li>\n<div class=\"company-partner-image\"><img decoding=\"async\" class=\"wp-image-188 alignleft\" src=\"https:\/\/maksmi.ee\/wp-content\/uploads\/2024\/03\/logo-Gorniczej-Fabryki-Narzedzi-1.webp\" alt=\"pezconnector-logo\" \/><\/div>\n<p>G\u00f3rnicza Fabryka Narz\u0119dzi on Poola tehas, mis on spetsialiseerunud eritellimuskinnitusdetailide (sealhulgas vastavalt kliendi joonistele) tootmisele raudteedele ja trammiteedele. Vaata l\u00e4hemalt: <a href=\"https:\/\/www.gfn.com.pl\/\" target=\"_blank\" rel=\"noopener noreferrer\">https:\/\/www.gfn.com.pl\/<\/a><\/li>\n<li>\n<div class=\"company-partner-image\"><img decoding=\"async\" class=\"wp-image-188 alignleft\" src=\"https:\/\/maksmi.ee\/wp-content\/uploads\/2024\/03\/Allalaaditud-fail.png\" alt=\"pezconnector-logo\" \/><\/div>\n<p>Nencki AG on pereettev\u00f5te, millel on \u00fcle 75 aasta kogemust eriliste klientin\u00f5uete j\u00e4rgi loodud keerukate masinate projekteerimises ja tootmises. 2006. aastal asutatud \u00e4ri\u00fcksus Nencki Railway Technology tegutseb n\u00fc\u00fcdseks rahvusvaheliselt ning on kasutusel \u00fcle 300 masina. Nencki tooted aitavad bogiide reguleerimisel ja hooldamisel ning parandavad keevitatud r\u00f6\u00f6paste kvaliteeti. Vaata l\u00e4hemalt: <a href=\"https:\/\/www.nencki-railway.ch\/\" target=\"_blank\" rel=\"noopener noreferrer\">https:\/\/www.nencki-railway.ch\/<\/a><\/li>\n<li>\n<div class=\"company-partner-image\"><img decoding=\"async\" loading=\"lazy\" class=\"aligncenter wp-image-2784 size-full\" src=\"https:\/\/maksmi.ee\/wp-content\/uploads\/2024\/09\/Transavt-colored.png\" alt=\"\" width=\"100\" height=\"85\" \/><\/div>\n<p>O\u00dc &#8220;NPO Transavtomatika&#8221; tegutseb Ukraina raudteeturul alates 1993. aastast. Ettev\u00f5te tegeleb raudtee signalisatsiooni- ja sides\u00fcsteemide projekteerimise, ehituse, paigalduse ja seadistamisega ning varustab seadmeid. Peamised suunad h\u00f5lmavad automaatset \u00fcles\u00f5idusignaali ja relva-protsessor tsentraliseerimist.<\/li>\n<li>\n<div class=\"company-partner-image\"><img decoding=\"async\" loading=\"lazy\" class=\"aligncenter wp-image-2789 size-full\" src=\"https:\/\/maksmi.ee\/wp-content\/uploads\/2024\/09\/BGFrubber_logo-colored.png\" alt=\"\" width=\"422\" height=\"126\" srcset=\"https:\/\/maksmi.ee\/wp-content\/uploads\/2024\/09\/BGFrubber_logo-colored.png 422w, https:\/\/maksmi.ee\/wp-content\/uploads\/2024\/09\/BGFrubber_logo-colored-300x90.png 300w\" sizes=\"(max-width: 422px) 100vw, 422px\" \/><\/div>\n<p>BGF Rubber toodab kummist r\u00f6\u00f6papadjaid erinevatele kinnitus\u00fcsteemidele. Need padjad summutavad vibratsioone ja l\u00f6\u00f6ke, kaitstes nii r\u00f6\u00f6paid kui ka ronge. Ettev\u00f5te toodab \u00fcle 15 miljoni padja ja omab patente Zw900 ja Zw1000 padja kujundusele.<\/li>\n<\/ul>\n","protected":false},"excerpt":{"rendered":"<p>Elektroline Ltd (T\u0161ehhi Vabariik) on kaasaegne tootmisettev\u00f5te, mis on spetsialiseerunud raudtee-, trammi- ja trollibussi trasside \u00f5huv\u00f5rgu komponentide tootmisele. Ettev\u00f5tte tooted on suurep\u00e4rane n\u00e4ide heast kvaliteedist taskukohase hinnaga. Lisainfo: www.elektroline.cz SEALABLE Solutions GmbH on Saksamaa ettev\u00f5te, mis on \u00fcks maailma liidreid trammi- ja raudteer\u00f6\u00f6pade vibratsiooni- ja m\u00fcraisolatsiooni tootmises. Ettev\u00f5te tegeleb pidevalt oma valdkonna uute toodete ja [&hellip;]<\/p>\n","protected":false},"author":5,"featured_media":0,"parent":0,"menu_order":0,"comment_status":"closed","ping_status":"closed","template":"","meta":[],"acf":[],"_links":{"self":[{"href":"https:\/\/maksmi.ee\/et\/wp-json\/wp\/v2\/pages\/99"}],"collection":[{"href":"https:\/\/maksmi.ee\/et\/wp-json\/wp\/v2\/pages"}],"about":[{"href":"https:\/\/maksmi.ee\/et\/wp-json\/wp\/v2\/types\/page"}],"author":[{"embeddable":true,"href":"https:\/\/maksmi.ee\/et\/wp-json\/wp\/v2\/users\/5"}],"replies":[{"embeddable":true,"href":"https:\/\/maksmi.ee\/et\/wp-json\/wp\/v2\/comments?post=99"}],"version-history":[{"count":58,"href":"https:\/\/maksmi.ee\/et\/wp-json\/wp\/v2\/pages\/99\/revisions"}],"predecessor-version":[{"id":2877,"href":"https:\/\/maksmi.ee\/et\/wp-json\/wp\/v2\/pages\/99\/revisions\/2877"}],"wp:attachment":[{"href":"https:\/\/maksmi.ee\/et\/wp-json\/wp\/v2\/media?parent=99"}],"curies":[{"name":"wp","href":"https:\/\/api.w.org\/{rel}","templated":true}]}}