{"id":103,"date":"2016-10-05T11:12:14","date_gmt":"2016-10-05T11:12:14","guid":{"rendered":"http:\/\/www.maksmi.ee\/our-company\/"},"modified":"2024-09-15T20:49:36","modified_gmt":"2024-09-15T18:49:36","slug":"meie-ettevottest","status":"publish","type":"page","link":"https:\/\/maksmi.ee\/et\/meie-ettevottest\/","title":{"rendered":"Meie ettev\u00f5ttest"},"content":{"rendered":"<p>O\u00dc Maksmi, mis on spetsialiseerunud raudtee ehitusmaterjalide m\u00fc\u00fcgile, tegutseb alates 1997. aastast.<\/p>\n<p>Meie missioon on pakkuda klientidele optimaalseid ja t\u00f5husaid lahendusi. Meie ettev\u00f5te on raudtee ehitusmaterjalide innovatsioonide maaletooja.<\/p>\n<p>Lahendame oma klientide \u2013 infrastruktuuriettev\u00f5tete, raudtee ehitajate ja projekteerijate \u2013 materjalidega seotud probleeme alates poltidest kuni p\u00f6\u00f6ranguteni ja alates naeltest kuni r\u00f6\u00f6basteni.<\/p>\n<p>Anname klientidele n\u00f5u, aidates neil leida operatiivsetele tingimustele tuginedes optimaalseid lahendusi.<\/p>\n<p>Meie professionaalne meeskond ja pikaajaline kogemus on teinud meist k\u00f5ige p\u00e4devama eksperdi oma valdkonnas, kui jutt k\u00e4ib materjalidest, mis vastavad 1520 mm<\/p>\n<p>s\u00fcsteemi GOST standardile, samuti materjalidest, mis vastavad Euroopa Liidu TSI ja EN n\u00f5uetele.<\/p>\n<p>Me tegutseme j\u00e4rgmistes valdkondades:<\/p>\n<p>\u2022 Materjalid (r\u00f6\u00f6pad, liiprid, p\u00f6\u00f6rangud, kinnituskomponendid jne)<\/p>\n<p>\u2022 Tehnoloogiad (kaalus\u00fcsteemid, vibratsiooni- ja m\u00fcraisolatsioon, trammide automatiseerimine, trammide varuosad)<\/p>\n<p>2017. aastal 20ndat tegevusaastat t\u00e4histav O\u00dc Maksmi on spetsialiseerunud raudtee ehitusmaterjalide m\u00fc\u00fcgile.<\/p>\n<p>Meie missioon on pakkuda oma \u00a0klientidele optimaalseid ja s\u00e4\u00e4stlike lahendusi. Oleme raudtee-ehitusmaterjalide alase innovatsiooni maaletooja.<\/p>\n<p>Lahendame oma klientide: taristuettev\u00f5tete, raudtee-ehitajate ja projekteerijate materjalide alased probleemid poldist p\u00f6\u00f6rmeni ja liiprinaelast r\u00f6\u00f6pani.<\/p>\n<p>Konsulteerime kliente, leidmaks ekspluatatsioonitinginustest l\u00e4htuvalt optimaalseid lahendusi.<\/p>\n<p>Professionaalne meeskond ja pikaajaline kogemus on teinud meist oma valdkonna p\u00e4devaima asjatundja nii \u00a01520 mm s\u00fcsteemi GOST standardile vastavate materjalide osas, kui Euroopa Liidu TSI ja EN n\u00f5uetele vastavate materjalide osas.<\/p>\n<p>Meie tegevusvaldkonnad on:<\/p>\n<ol>\n<li>Materjalid (r\u00f6\u00f6pad, liiprid, p\u00f6\u00f6rmed, kinnitus\u00fcsteemid jne)<\/li>\n<li>Tehnoloogiad (r\u00f6\u00f6pmestiku ultrahelikontroll, kaalus\u00fcsteemid jne)<\/li>\n<\/ol>\n<p>Tarnime materjale nii raudteede kui trammiteede ehitamiseks.<\/p>\n<p>\u00a0<\/p>\n\n<div class=\"wp-block-image\">\n<figure class=\"aligncenter\"><a href=\"https:\/\/maksmi.ee\/wp-content\/uploads\/2022\/07\/Creditinfo_meilijalus_2022_1AA_EST.png\" target=\"_blank\" rel=\"noreferrer noopener\"><img decoding=\"async\" loading=\"lazy\" width=\"650\" height=\"150\" src=\"https:\/\/maksmi.ee\/wp-content\/uploads\/2022\/07\/Creditinfo_meilijalus_2022_1AA_EST.png\" alt=\"\" class=\"wp-image-1656\" srcset=\"https:\/\/maksmi.ee\/wp-content\/uploads\/2022\/07\/Creditinfo_meilijalus_2022_1AA_EST.png 650w, https:\/\/maksmi.ee\/wp-content\/uploads\/2022\/07\/Creditinfo_meilijalus_2022_1AA_EST-300x69.png 300w\" sizes=\"(max-width: 650px) 100vw, 650px\" \/><\/a><figcaption class=\"wp-element-caption\">Finantsaruande kohta lisateabe saamiseks <a href=\"https:\/\/maksmi.ee\/wp-content\/uploads\/2022\/07\/Krediidireiting_EST.pdf\">kl\u00f5psake siin<\/a><\/figcaption><\/figure><\/div>","protected":false},"excerpt":{"rendered":"<p>O\u00dc Maksmi, mis on spetsialiseerunud raudtee ehitusmaterjalide m\u00fc\u00fcgile, tegutseb alates 1997. aastast. Meie missioon on pakkuda klientidele optimaalseid ja t\u00f5husaid lahendusi. Meie ettev\u00f5te on raudtee ehitusmaterjalide innovatsioonide maaletooja. Lahendame oma klientide \u2013 infrastruktuuriettev\u00f5tete, raudtee ehitajate ja projekteerijate \u2013 materjalidega seotud probleeme alates poltidest kuni p\u00f6\u00f6ranguteni ja alates naeltest kuni r\u00f6\u00f6basteni. Anname klientidele n\u00f5u, aidates neil [&hellip;]<\/p>\n","protected":false},"author":5,"featured_media":1777,"parent":0,"menu_order":0,"comment_status":"closed","ping_status":"closed","template":"","meta":[],"acf":[],"_links":{"self":[{"href":"https:\/\/maksmi.ee\/et\/wp-json\/wp\/v2\/pages\/103"}],"collection":[{"href":"https:\/\/maksmi.ee\/et\/wp-json\/wp\/v2\/pages"}],"about":[{"href":"https:\/\/maksmi.ee\/et\/wp-json\/wp\/v2\/types\/page"}],"author":[{"embeddable":true,"href":"https:\/\/maksmi.ee\/et\/wp-json\/wp\/v2\/users\/5"}],"replies":[{"embeddable":true,"href":"https:\/\/maksmi.ee\/et\/wp-json\/wp\/v2\/comments?post=103"}],"version-history":[{"count":14,"href":"https:\/\/maksmi.ee\/et\/wp-json\/wp\/v2\/pages\/103\/revisions"}],"predecessor-version":[{"id":2809,"href":"https:\/\/maksmi.ee\/et\/wp-json\/wp\/v2\/pages\/103\/revisions\/2809"}],"wp:featuredmedia":[{"embeddable":true,"href":"https:\/\/maksmi.ee\/et\/wp-json\/wp\/v2\/media\/1777"}],"wp:attachment":[{"href":"https:\/\/maksmi.ee\/et\/wp-json\/wp\/v2\/media?parent=103"}],"curies":[{"name":"wp","href":"https:\/\/api.w.org\/{rel}","templated":true}]}}